{"id":177,"date":"2016-04-01T15:23:38","date_gmt":"2016-04-01T13:23:38","guid":{"rendered":"https:\/\/kpa.faculty.wmi.amu.edu.pl\/?page_id=177"},"modified":"2021-04-26T19:32:48","modified_gmt":"2021-04-26T17:32:48","slug":"welcome","status":"publish","type":"page","link":"https:\/\/kpa.faculty.wmi.amu.edu.pl\/?page_id=177","title":{"rendered":"Brief CV"},"content":{"rendered":"<ul>\n<li>Born on July 16, 1950, in Krotoszyn, Poland.<\/li>\n<li>Master title in mathematics from the Adam Mickiewicz University in Pozna\u0144, 1973.<br \/>\nMaster thesis: Microbundles.<br \/>\nAdvisers: Julian Musielak, Wojciech Pulikowski.<\/li>\n<li>PhD degree in mathematics from the University of Warsaw, 1982.<br \/>\nDissertation: <em>Smooth actions of finite groups on disks<\/em>.<br \/>\nAdvisers: Andrzej Bia\u0142ynicki-Birula, Rober A. Oliver.<\/li>\n<li>Habilitation from the Adam Mickiewicz University, 2001, based on a series of papers on<br \/>\n<em>Smooth actions of finite groups on manifolds with a given homotopy type.<\/em><\/li>\n<li>Professor of Mathematical Sciences title received from the President of Poland in 2016.<\/li>\n<li>Pernament position: Adam Mickiewicz University in Pozna\u0144, Poland (1973&#8211;2021)<\/li>\n<li>Selected visiting positions.<br \/>\n<em>&#8211; <\/em>China: Shanghai University, Hong Kong University of Science and Technology.<br \/>\n<em>&#8211; <\/em>Germany: G\u00f6ttingen Universit\u00e4t, Heidelberg Universit\u00e4t, Max Planck Institute for Mathematics in Bonn.<br \/>\n<em>&#8211; Japan<\/em>: Tokyo University, Research Institute for Mathematical Sciences at Kyoto University, Osaka City University, Okayama University.<br \/>\n<em>&#8211; <\/em>Korea Republic: Korea Institute for Advanced Study, School of Mathematics (<span class=\"st\">Daejeon).<\/span><br \/>\n<em>&#8211; <\/em>USA: Courant Institute of Mathematical Sciences at New York University, Chicago University (Chicago, Illinois), Ohio State University (Columbus, Ohio).<\/li>\n<li>Conference (co-organization):<br \/>\n&#8211; Transformation Groups, Pozna\u0144 1985.<br \/>\n&#8211; Algebraic Topology, Pozna\u0144 1989.<br \/>\n&#8211; Pozna\u0144 Workshop on Transformation Groups: 2001, 2002, 2003, 2004.<br \/>\n&#8211; Group Actions and Homogeneous Spaces, Bratislava, Slovakia, 2009.<br \/>\n&#8211; Group Action Forum Conference: M\u00e1laga 2006, Pozna\u0144 2010, Mediolan 2010.<br \/>\n&#8211; Knots, Manifolds, and Group Actions, S\u0142ubice, Poland, 2013.<br \/>\n&#8211; Glances@Manifolds: Krak\u00f3w 2015, Krak\u00f3w 2016, Krak\u00f3w 2018.<\/li>\n<li>Students with PhD degree in mathematics under my guidance:<br \/>\n&#8211; Marek Kaluba, <em>Constructions of smooth exotic actions on homotopy<br \/>\ncomplex projective spaces and products of manifolds<\/em>, Pozna\u0144, 2014.<br \/>\n&#8211; Wojciech Politarczyk, <em>Equivariant Khovanov homology<\/em>, Pozna\u0144, 2015.<br \/>\n&#8211; Piotr Mizerka, <em>Excluding and constructing of exotic group actions on spheres<\/em>, Pozna\u0144, 2021.<\/li>\n<\/ul>\n","protected":false},"excerpt":{"rendered":"<p>Born on July 16, 1950, in Krotoszyn, Poland. Master title in mathematics from the Adam Mickiewicz University in Pozna\u0144, 1973. Master thesis: Microbundles. Advisers: Julian Musielak, Wojciech Pulikowski. PhD degree in mathematics from the University of Warsaw, 1982. Dissertation: Smooth actions of finite groups on disks. Advisers: Andrzej Bia\u0142ynicki-Birula, Rober<a class=\"read-more\" href=\"https:\/\/kpa.faculty.wmi.amu.edu.pl\/?page_id=177\"> ( more&#8230; )<\/a><\/p>\n","protected":false},"author":1,"featured_media":0,"parent":6,"menu_order":0,"comment_status":"closed","ping_status":"closed","template":"","meta":{"kt_blocks_editor_width":""},"_links":{"self":[{"href":"https:\/\/kpa.faculty.wmi.amu.edu.pl\/index.php?rest_route=\/wp\/v2\/pages\/177"}],"collection":[{"href":"https:\/\/kpa.faculty.wmi.amu.edu.pl\/index.php?rest_route=\/wp\/v2\/pages"}],"about":[{"href":"https:\/\/kpa.faculty.wmi.amu.edu.pl\/index.php?rest_route=\/wp\/v2\/types\/page"}],"author":[{"embeddable":true,"href":"https:\/\/kpa.faculty.wmi.amu.edu.pl\/index.php?rest_route=\/wp\/v2\/users\/1"}],"replies":[{"embeddable":true,"href":"https:\/\/kpa.faculty.wmi.amu.edu.pl\/index.php?rest_route=%2Fwp%2Fv2%2Fcomments&post=177"}],"version-history":[{"count":58,"href":"https:\/\/kpa.faculty.wmi.amu.edu.pl\/index.php?rest_route=\/wp\/v2\/pages\/177\/revisions"}],"predecessor-version":[{"id":1442,"href":"https:\/\/kpa.faculty.wmi.amu.edu.pl\/index.php?rest_route=\/wp\/v2\/pages\/177\/revisions\/1442"}],"up":[{"embeddable":true,"href":"https:\/\/kpa.faculty.wmi.amu.edu.pl\/index.php?rest_route=\/wp\/v2\/pages\/6"}],"wp:attachment":[{"href":"https:\/\/kpa.faculty.wmi.amu.edu.pl\/index.php?rest_route=%2Fwp%2Fv2%2Fmedia&parent=177"}],"curies":[{"name":"wp","href":"https:\/\/api.w.org\/{rel}","templated":true}]}}